{"id":839,"date":"2021-12-24T17:30:23","date_gmt":"2021-12-24T16:30:23","guid":{"rendered":"https:\/\/annaland.de\/annablog\/?page_id=839"},"modified":"2021-12-31T13:45:49","modified_gmt":"2021-12-31T12:45:49","slug":"theme","status":"publish","type":"page","link":"https:\/\/annaland.de\/annablog\/theme\/","title":{"rendered":"Theme Nirvana"},"content":{"rendered":"<h2>Neues Blogkleid Nirvana<\/h2>\n<p>Ein neues Theme f\u00fcr mein WordPress-Blog Anna-Blog wurde f\u00e4llig, weil mein hei\u00dfgeliebtes altes Blogkleid Atahualpa schon seit geraumer Zeit keine Updates mehr erhalten hat und eine Reihe von Funktionen nicht mit dem neuen PHP 8 Update kompatibel ist. Da der Support f\u00fcr PHP 7 langsam zu Ende geht, hatte ich mich durch die zahlreichen gro\u00dfartigen <a href=\"https:\/\/de.wordpress.org\/themes\/\">WordPress Themes<\/a><img decoding=\"async\" style=\"border:0; margin:0; padding:0;\" src=\"..\/..\/images\/link_extern.gif\" alt=\"Grafik Link extern\" \/> geklickt, um Ausschau zu halten, was denn nun f\u00fcr die n\u00e4chste Zeit mein Lieblings-Theme werden sollte.<\/p>\n<p>Irgendwann ist mir da das Theme <a href=\"https:\/\/de.wordpress.org\/themes\/nirvana\/\">Nirvana<\/a><img decoding=\"async\" style=\"border:0; margin:0; padding:0;\" src=\"..\/..\/images\/link_extern.gif\" alt=\"Grafik Link extern\" \/> aufgefallen. Ich habe mir dann einige Seiten im Web angesehen, die mit Nirvana arbeiten. Und ich war beeindruckt. Das Theme ist extrem vielseitig, ausbauf\u00e4hig, l\u00e4sst wenig W\u00fcnsche offen.<\/p>\n<p>Nun, in der Theorie waren die Vielseitigkeit und die zahlreichen Einstellm\u00f6glichkeiten, die die Entwickler <a href=\"https:\/\/www.cryoutcreations.eu\/wordpress-themes\/nirvana\">Cryout Creations<\/a><img decoding=\"async\" style=\"border:0; margin:0; padding:0;\" src=\"..\/..\/images\/link_extern.gif\" alt=\"Grafik Link extern\" \/>   auf ihrer Nirvana-Theme-Seite beschrieben, dann ausschlaggebend, dass ich mich an die Praxis gewagt habe.<\/p>\n<p>Wer schon mit WordPress gearbeitet hat, wei\u00df, dass die Installation eines neuen Themes supereinfach ist. Man w\u00e4hlt, ob man sich den Code herunterl\u00e4dt und dann in den Webspace hochl\u00e4dt oder ob man die Installation direkt im Back-End der WordPress-Seite vornimmt. Und voil\u00e0, da ist es schon. Dann beginnt die Arbeit. Wie soll die Seite aussehen, welche Bilder kommen zum Einsatz und dann sind da viele Texte, die angepasst werden wollen.<\/p>\n","protected":false},"excerpt":{"rendered":"<p>Neues Blogkleid Nirvana Ein neues Theme f\u00fcr mein WordPress-Blog Anna-Blog wurde f\u00e4llig, weil mein hei\u00dfgeliebtes altes Blogkleid Atahualpa schon seit geraumer Zeit keine Updates mehr erhalten hat und eine Reihe von Funktionen nicht mit dem neuen PHP 8 Update kompatibel ist. Da der Support f\u00fcr PHP 7 langsam zu Ende&#8230;<\/p>\n<p> <a class=\"continue-reading-link\" href=\"https:\/\/annaland.de\/annablog\/theme\/\"><span>Continue reading<\/span><i class=\"crycon-right-dir\"><\/i><\/a> <\/p>\n","protected":false},"author":1,"featured_media":0,"parent":0,"menu_order":0,"comment_status":"closed","ping_status":"closed","template":"","meta":{"jetpack_post_was_ever_published":false,"footnotes":""},"class_list":["post-839","page","type-page","status-publish","hentry"],"jetpack_sharing_enabled":true,"jetpack_shortlink":"https:\/\/wp.me\/P9sfPX-dx","_links":{"self":[{"href":"https:\/\/annaland.de\/annablog\/wp-json\/wp\/v2\/pages\/839","targetHints":{"allow":["GET"]}}],"collection":[{"href":"https:\/\/annaland.de\/annablog\/wp-json\/wp\/v2\/pages"}],"about":[{"href":"https:\/\/annaland.de\/annablog\/wp-json\/wp\/v2\/types\/page"}],"author":[{"embeddable":true,"href":"https:\/\/annaland.de\/annablog\/wp-json\/wp\/v2\/users\/1"}],"replies":[{"embeddable":true,"href":"https:\/\/annaland.de\/annablog\/wp-json\/wp\/v2\/comments?post=839"}],"version-history":[{"count":7,"href":"https:\/\/annaland.de\/annablog\/wp-json\/wp\/v2\/pages\/839\/revisions"}],"predecessor-version":[{"id":863,"href":"https:\/\/annaland.de\/annablog\/wp-json\/wp\/v2\/pages\/839\/revisions\/863"}],"wp:attachment":[{"href":"https:\/\/annaland.de\/annablog\/wp-json\/wp\/v2\/media?parent=839"}],"curies":[{"name":"wp","href":"https:\/\/api.w.org\/{rel}","templated":true}]}}