{"id":2,"date":"2007-08-05T02:04:26","date_gmt":"2007-08-05T00:04:26","guid":{"rendered":""},"modified":"2025-07-19T15:35:42","modified_gmt":"2025-07-19T13:35:42","slug":"eine-ganz-normale-entwicklung","status":"publish","type":"page","link":"https:\/\/annaland.de\/annablog\/eine-ganz-normale-entwicklung\/","title":{"rendered":"\u00dcber mich"},"content":{"rendered":"<h2>Eine ganz normale Entwicklung<\/h2>\n<p>&raquo;Das w\u00e4r doch was f\u00fcr dich, ne eigene Internetseite?&laquo;<\/p>\n<p>&raquo;Ach n\u00f6, ich hab davon doch keine Ahnung.&laquo;<\/p>\n<p>So hat es begonnen. Leise, ganz unverbindlich und heute?<\/p>\n<p>Ich habe soeben auf der Theme-Seite aufgeschrieben, was ich unternommen habe, um das neue Blogkleid in Funktion zu bekommen. Hier l\u00e4sst sich ein wenig erkennen, mit welchem Engagement ich heute das Thema angehe.<\/p>\n<h2>Disclaimer<\/h2>\n<p>Trotz sorgf\u00e4ltiger inhaltlicher Kontrolle \u00fcbernehme ich keine Haftung f\u00fcr die Inhalte externer Links. F\u00fcr den Inhalt der verlinkten Seiten sind ausschlie\u00dflich deren Betreiber verantwortlich.<\/p>\n<h2>Verantwortlich f\u00fcr den Inhalt dieser Website<\/h2>\n<p>Sonja Wagner<br \/>\nMarienbader Str. 2<br \/>\n65232 Taunusstein<\/p>\n<p>Meine Ausbildung zur Lokalredakteurin habe ich bei der Hofer Tageszeitung Frankenpost absolviert. Lange Jahre war ich beim heutigen Landesverband S\u00fcd der Betriebskrankenkassen in Frankfurt besch\u00e4ftigt. Seit 2021 bin ich f\u00fcr B\u00fcndnis 90 \/ Die Gr\u00fcnen im Ortsbeirat Taunusstein-Wehen. Seit 2022 bin ich im Seniorenbeirat und seit Sommer 2024 Mitglied der Stadtverordnetenversammlung Taunusstein.<\/p>\n","protected":false},"excerpt":{"rendered":"<p>Eine ganz normale Entwicklung &raquo;Das w\u00e4r doch was f\u00fcr dich, ne eigene Internetseite?&laquo; &raquo;Ach n\u00f6, ich hab davon doch keine Ahnung.&laquo; So hat es begonnen. Leise, ganz unverbindlich und heute? Ich habe soeben auf der Theme-Seite aufgeschrieben, was ich unternommen habe, um das neue Blogkleid in Funktion zu bekommen. Hier&#8230;<\/p>\n<p> <a class=\"continue-reading-link\" href=\"https:\/\/annaland.de\/annablog\/eine-ganz-normale-entwicklung\/\"><span>Continue reading<\/span><i class=\"crycon-right-dir\"><\/i><\/a> <\/p>\n","protected":false},"author":1,"featured_media":0,"parent":0,"menu_order":0,"comment_status":"closed","ping_status":"closed","template":"","meta":{"jetpack_post_was_ever_published":false,"footnotes":""},"class_list":["post-2","page","type-page","status-publish","hentry"],"jetpack_sharing_enabled":true,"jetpack_shortlink":"https:\/\/wp.me\/P9sfPX-2","_links":{"self":[{"href":"https:\/\/annaland.de\/annablog\/wp-json\/wp\/v2\/pages\/2","targetHints":{"allow":["GET"]}}],"collection":[{"href":"https:\/\/annaland.de\/annablog\/wp-json\/wp\/v2\/pages"}],"about":[{"href":"https:\/\/annaland.de\/annablog\/wp-json\/wp\/v2\/types\/page"}],"author":[{"embeddable":true,"href":"https:\/\/annaland.de\/annablog\/wp-json\/wp\/v2\/users\/1"}],"replies":[{"embeddable":true,"href":"https:\/\/annaland.de\/annablog\/wp-json\/wp\/v2\/comments?post=2"}],"version-history":[{"count":27,"href":"https:\/\/annaland.de\/annablog\/wp-json\/wp\/v2\/pages\/2\/revisions"}],"predecessor-version":[{"id":1408,"href":"https:\/\/annaland.de\/annablog\/wp-json\/wp\/v2\/pages\/2\/revisions\/1408"}],"wp:attachment":[{"href":"https:\/\/annaland.de\/annablog\/wp-json\/wp\/v2\/media?parent=2"}],"curies":[{"name":"wp","href":"https:\/\/api.w.org\/{rel}","templated":true}]}}